{"id":32,"date":"2022-03-22T09:28:07","date_gmt":"2022-03-22T08:28:07","guid":{"rendered":"https:\/\/vspoysdorf.ac.at\/wp\/?page_id=32"},"modified":"2025-10-02T10:17:04","modified_gmt":"2025-10-02T08:17:04","slug":"termine","status":"publish","type":"page","link":"https:\/\/vspoysdorf.ac.at\/?page_id=32","title":{"rendered":"Termine"},"content":{"rendered":"\n<h2 class=\"wp-block-heading has-text-color\" style=\"color:#2b7e60\"><strong>Ferien und Feiertage<\/strong><\/h2>\n\n\n\n<div class=\"wp-block-columns is-layout-flex wp-container-core-columns-is-layout-9d6595d7 wp-block-columns-is-layout-flex\">\n<div class=\"wp-block-column is-layout-flow wp-block-column-is-layout-flow\" style=\"flex-basis:100%\">\n<div class=\"wp-block-columns is-layout-flex wp-container-core-columns-is-layout-9d6595d7 wp-block-columns-is-layout-flex\">\n<div class=\"wp-block-column is-layout-flow wp-block-column-is-layout-flow\" style=\"flex-basis:100%\">\n<figure class=\"wp-block-table has-small-font-size\"><table class=\"has-gray-color has-text-color\"><tbody><tr><td>01.09.2025<\/td><td>1. Schultag<\/td><\/tr><tr><td>27.10. &#8211; 31.10.2025<\/td><td>Herbstferien<\/td><\/tr><tr><td>15.11.2025<\/td><td>Landesfeiertag Hl. Leopold<\/td><\/tr><tr><td>08.12.2025<\/td><td>Maria Empf\u00e4ngnis<\/td><\/tr><tr><td>24.12.2025 &#8211; 06.01.2026<\/td><td>Weihnachtsferien<\/td><\/tr><tr><td>02.02. &#8211; 07.02.2026<\/td><td>Semesterferien<\/td><\/tr><tr><td>28.03. &#8211; 06.04.2026<\/td><td>Osterferien<\/td><\/tr><tr><td>01.05.2026<\/td><td>Staatsfeiertag<\/td><\/tr><tr><td>14.05.2026<\/td><td>Christi Himmelfahrt<\/td><\/tr><tr><td>23.05. &#8211; 25.05.2026<\/td><td>Pfingstferien<\/td><\/tr><tr><td>04.06.2026<\/td><td>Fronleichnam<\/td><\/tr><tr><td>05.06.2026<\/td><td>schulautnom <strong>frei<\/strong><\/td><\/tr><tr><td>04.07. &#8211; 06.09.2026<\/td><td>Sommerferien<\/td><\/tr><\/tbody><\/table><\/figure>\n<\/div>\n<\/div>\n<\/div>\n<\/div>\n\n\n\n<h2 class=\"wp-block-heading has-text-color has-extra-large-font-size\" style=\"color:#1c7b58\"><strong>Elternsprechtage<\/strong><\/h2>\n\n\n\n<figure class=\"wp-block-table\"><table class=\"has-gray-color has-text-color\"><tbody><tr><td><strong>1. Semester<\/strong><\/td><td>Do, 4.12. ab 15.00 <br>(4.Klasse mit Bildungslaufbahnberatung)<\/td><\/tr><tr><td><strong>2. Semester<\/strong><\/td><td>SLE-Gespr\u00e4che f\u00fcr die 1. und 2. Klassen<br>20.-24. April 2026<br><br>SLE-Gespr\u00e4che f\u00fcr die 3. und 4. Klassen<br>18.-22. Mai 2026<\/td><\/tr><\/tbody><\/table><\/figure>\n\n\n\n<h2 class=\"wp-block-heading has-text-color has-extra-large-font-size\" style=\"color:#247b5b\"><strong>Unterrichtszeiten<\/strong><\/h2>\n\n\n\n<figure class=\"wp-block-table\"><table><tbody><tr><td><mark style=\"background-color:rgba(0, 0, 0, 0)\" class=\"has-inline-color has-gray-color\">07:10 &#8211; 07:30<\/mark><\/td><td><mark style=\"background-color:rgba(0, 0, 0, 0)\" class=\"has-inline-color has-gray-color\">Fr\u00fchaufsicht<\/mark><\/td><\/tr><tr><td><mark style=\"background-color:rgba(0, 0, 0, 0)\" class=\"has-inline-color has-gray-color\">07:30 &#8211; 07:45<\/mark><\/td><td><mark style=\"background-color:rgba(0, 0, 0, 0)\" class=\"has-inline-color has-gray-color\">Ankommen<\/mark><\/td><\/tr><tr><td><\/td><td><\/td><\/tr><tr><td><mark style=\"background-color:rgba(0, 0, 0, 0)\" class=\"has-inline-color has-gray-color\">07:45 &#8211; 09:25 <\/mark><\/td><td><mark style=\"background-color:rgba(0, 0, 0, 0)\" class=\"has-inline-color has-gray-color\">1. und 2. Einheit<\/mark><\/td><\/tr><tr><td><mark style=\"background-color:rgba(0, 0, 0, 0)\" class=\"has-inline-color has-gray-color\">09:50 &#8211; 11:30<\/mark><\/td><td><mark style=\"background-color:rgba(0, 0, 0, 0)\" class=\"has-inline-color has-gray-color\">3. und 4. Einheit<\/mark><\/td><\/tr><tr><td><mark style=\"background-color:rgba(0, 0, 0, 0)\" class=\"has-inline-color has-gray-color\">11:40 &#8211; 12:30<\/mark><\/td><td><mark style=\"background-color:rgba(0, 0, 0, 0)\" class=\"has-inline-color has-gray-color\">5. Einheit<\/mark><\/td><\/tr><tr><td><\/td><td><\/td><\/tr><tr><td><mark style=\"background-color:rgba(0, 0, 0, 0)\" class=\"has-inline-color has-gray-color\">12:35 &#8211; 13:25<\/mark><\/td><td><mark style=\"background-color:rgba(0, 0, 0, 0)\" class=\"has-inline-color has-gray-color\">6. Einheit<\/mark><\/td><\/tr><tr><td><mark style=\"background-color:rgba(0, 0, 0, 0)\" class=\"has-inline-color has-gray-color\">13:35 &#8211; 14:25<\/mark><\/td><td><mark style=\"background-color:rgba(0, 0, 0, 0)\" class=\"has-inline-color has-gray-color\">7. Einheit<\/mark><\/td><\/tr><tr><td><mark style=\"background-color:rgba(0, 0, 0, 0)\" class=\"has-inline-color has-gray-color\">14:40 &#8211; 15:30<\/mark><\/td><td><mark style=\"background-color:rgba(0, 0, 0, 0)\" class=\"has-inline-color has-gray-color\">8. Einheit<\/mark><\/td><\/tr><\/tbody><\/table><\/figure>\n","protected":false},"excerpt":{"rendered":"<p>Ferien und Feiertage 01.09.2025 1. Schultag 27.10. &#8211; 31.10.2025 Herbstferien 15.11.2025 Landesfeiertag Hl. Leopold 08.12.2025 Maria Empf\u00e4ngnis 24.12.2025 &#8211; 06.01.2026 Weihnachtsferien 02.02. &#8211; 07.02.2026 Semesterferien 28.03. &#8211; 06.04.2026 Osterferien 01.05.2026 Staatsfeiertag 14.05.2026 Christi Himmelfahrt 23.05. &#8211; 25.05.2026 Pfingstferien 04.06.2026 Fronleichnam 05.06.2026 schulautnom frei 04.07. &#8211; 06.09.2026 Sommerferien Elternsprechtage 1. Semester Do, 4.12. ab 15.00 (4.Klasse&hellip; <a class=\"more-link\" href=\"https:\/\/vspoysdorf.ac.at\/?page_id=32\"><span class=\"screen-reader-text\">Termine<\/span> weiterlesen<\/a><\/p>\n","protected":false},"author":1,"featured_media":0,"parent":0,"menu_order":0,"comment_status":"closed","ping_status":"closed","template":"","meta":{"footnotes":""},"class_list":["post-32","page","type-page","status-publish","hentry","entry"],"_links":{"self":[{"href":"https:\/\/vspoysdorf.ac.at\/index.php?rest_route=\/wp\/v2\/pages\/32","targetHints":{"allow":["GET"]}}],"collection":[{"href":"https:\/\/vspoysdorf.ac.at\/index.php?rest_route=\/wp\/v2\/pages"}],"about":[{"href":"https:\/\/vspoysdorf.ac.at\/index.php?rest_route=\/wp\/v2\/types\/page"}],"author":[{"embeddable":true,"href":"https:\/\/vspoysdorf.ac.at\/index.php?rest_route=\/wp\/v2\/users\/1"}],"replies":[{"embeddable":true,"href":"https:\/\/vspoysdorf.ac.at\/index.php?rest_route=%2Fwp%2Fv2%2Fcomments&post=32"}],"version-history":[{"count":48,"href":"https:\/\/vspoysdorf.ac.at\/index.php?rest_route=\/wp\/v2\/pages\/32\/revisions"}],"predecessor-version":[{"id":2902,"href":"https:\/\/vspoysdorf.ac.at\/index.php?rest_route=\/wp\/v2\/pages\/32\/revisions\/2902"}],"wp:attachment":[{"href":"https:\/\/vspoysdorf.ac.at\/index.php?rest_route=%2Fwp%2Fv2%2Fmedia&parent=32"}],"curies":[{"name":"wp","href":"https:\/\/api.w.org\/{rel}","templated":true}]}}