{"id":6,"date":"2022-03-22T09:05:46","date_gmt":"2022-03-22T08:05:46","guid":{"rendered":"https:\/\/vspoysdorf.ac.at\/wp\/?page_id=6"},"modified":"2026-04-09T09:19:14","modified_gmt":"2026-04-09T07:19:14","slug":"ueber-uns","status":"publish","type":"page","link":"https:\/\/vspoysdorf.ac.at\/?page_id=6","title":{"rendered":"Unser Team"},"content":{"rendered":"\n<div class=\"wp-block-media-text alignwide is-stacked-on-mobile\" style=\"grid-template-columns:16% auto\"><figure class=\"wp-block-media-text__media\"><img loading=\"lazy\" decoding=\"async\" width=\"683\" height=\"1024\" src=\"https:\/\/vspoysdorf.ac.at\/wp-content\/uploads\/2024\/04\/VS-Poysdorf-16-von-24-683x1024.jpg\" alt=\"\" class=\"wp-image-1779 size-full\" srcset=\"https:\/\/vspoysdorf.ac.at\/wp-content\/uploads\/2024\/04\/VS-Poysdorf-16-von-24-683x1024.jpg 683w, https:\/\/vspoysdorf.ac.at\/wp-content\/uploads\/2024\/04\/VS-Poysdorf-16-von-24-200x300.jpg 200w, https:\/\/vspoysdorf.ac.at\/wp-content\/uploads\/2024\/04\/VS-Poysdorf-16-von-24-768x1152.jpg 768w, https:\/\/vspoysdorf.ac.at\/wp-content\/uploads\/2024\/04\/VS-Poysdorf-16-von-24-1024x1536.jpg 1024w, https:\/\/vspoysdorf.ac.at\/wp-content\/uploads\/2024\/04\/VS-Poysdorf-16-von-24-1365x2048.jpg 1365w, https:\/\/vspoysdorf.ac.at\/wp-content\/uploads\/2024\/04\/VS-Poysdorf-16-von-24-1568x2352.jpg 1568w, https:\/\/vspoysdorf.ac.at\/wp-content\/uploads\/2024\/04\/VS-Poysdorf-16-von-24-scaled.jpg 1706w\" sizes=\"auto, (max-width: 683px) 100vw, 683px\" \/><\/figure><div class=\"wp-block-media-text__content\">\n<p class=\"has-large-font-size\"><mark style=\"background-color:rgba(0, 0, 0, 0)\" class=\"has-inline-color has-gray-color\"><strong>VD Maria Aicher-Kandler<\/strong><\/mark><\/p>\n\n\n\n<p class=\"has-text-align-left has-gray-color has-text-color\"><mark style=\"background-color:rgba(0, 0, 0, 0)\" class=\"has-inline-color has-gray-color\">Schulleiterin<\/mark><br>02552\/2580<\/p>\n\n\n\n<p class=\"has-text-align-left\"><mark style=\"background-color:rgba(0, 0, 0, 0)\" class=\"has-inline-color has-gray-color\">vs.poysdorf@noeschule.at<\/mark><\/p>\n<\/div><\/div>\n\n\n\n<div class=\"wp-block-media-text alignwide is-stacked-on-mobile\" style=\"grid-template-columns:16% auto\"><figure class=\"wp-block-media-text__media\"><img loading=\"lazy\" decoding=\"async\" width=\"683\" height=\"1024\" src=\"https:\/\/vspoysdorf.ac.at\/wp-content\/uploads\/2024\/06\/Tanja-Olf-1-von-1-683x1024.jpg\" alt=\"\" class=\"wp-image-1921 size-full\" srcset=\"https:\/\/vspoysdorf.ac.at\/wp-content\/uploads\/2024\/06\/Tanja-Olf-1-von-1-683x1024.jpg 683w, https:\/\/vspoysdorf.ac.at\/wp-content\/uploads\/2024\/06\/Tanja-Olf-1-von-1-200x300.jpg 200w, https:\/\/vspoysdorf.ac.at\/wp-content\/uploads\/2024\/06\/Tanja-Olf-1-von-1-768x1152.jpg 768w, https:\/\/vspoysdorf.ac.at\/wp-content\/uploads\/2024\/06\/Tanja-Olf-1-von-1-1024x1536.jpg 1024w, https:\/\/vspoysdorf.ac.at\/wp-content\/uploads\/2024\/06\/Tanja-Olf-1-von-1-1365x2048.jpg 1365w, https:\/\/vspoysdorf.ac.at\/wp-content\/uploads\/2024\/06\/Tanja-Olf-1-von-1-1568x2352.jpg 1568w, https:\/\/vspoysdorf.ac.at\/wp-content\/uploads\/2024\/06\/Tanja-Olf-1-von-1-scaled.jpg 1707w\" sizes=\"auto, (max-width: 683px) 100vw, 683px\" \/><\/figure><div class=\"wp-block-media-text__content\">\n<p class=\"has-gray-color has-text-color has-link-color has-large-font-size wp-elements-a7e5127c736b692d9dea13ef555fda98\"><strong>Tanja Olf<\/strong><\/p>\n\n\n\n<p class=\"has-gray-color has-text-color has-link-color wp-elements-c890b3a2ac46528c6b01fe57db58aa09\">Assistentin der Schulleitung<br>02552\/2580<\/p>\n\n\n\n<p class=\"has-gray-color has-text-color has-link-color wp-elements-5242a33948acce7e3643e2f320bf5c3c\">vs.poysdorf@noeschule.at<\/p>\n<\/div><\/div>\n\n\n\n<figure class=\"wp-block-gallery has-nested-images columns-default is-cropped wp-block-gallery-1 is-layout-flex wp-block-gallery-is-layout-flex\">\n<figure class=\"wp-block-image size-large\"><img loading=\"lazy\" decoding=\"async\" width=\"1024\" height=\"743\" data-id=\"2800\" src=\"https:\/\/vspoysdorf.ac.at\/wp-content\/uploads\/2025\/09\/VsPoysd.25-1409-1-1024x743.jpg\" alt=\"\" class=\"wp-image-2800\" srcset=\"https:\/\/vspoysdorf.ac.at\/wp-content\/uploads\/2025\/09\/VsPoysd.25-1409-1-1024x743.jpg 1024w, https:\/\/vspoysdorf.ac.at\/wp-content\/uploads\/2025\/09\/VsPoysd.25-1409-1-300x218.jpg 300w, https:\/\/vspoysdorf.ac.at\/wp-content\/uploads\/2025\/09\/VsPoysd.25-1409-1-768x557.jpg 768w, https:\/\/vspoysdorf.ac.at\/wp-content\/uploads\/2025\/09\/VsPoysd.25-1409-1-1536x1114.jpg 1536w, https:\/\/vspoysdorf.ac.at\/wp-content\/uploads\/2025\/09\/VsPoysd.25-1409-1-2048x1485.jpg 2048w, https:\/\/vspoysdorf.ac.at\/wp-content\/uploads\/2025\/09\/VsPoysd.25-1409-1-1568x1137.jpg 1568w\" sizes=\"auto, (max-width: 1024px) 100vw, 1024px\" \/><\/figure>\n<\/figure>\n\n\n\n<p class=\"has-gray-color has-text-color\"><mark style=\"background-color:rgba(0, 0, 0, 0)\" class=\"has-inline-color has-gray-color\"><strong>Klasse 1A:              26 Sch\u00fclerInnen<\/strong><\/mark><br>                               vVL Renate Huber-Hienert<mark style=\"background-color:rgba(0, 0, 0, 0)\" class=\"has-inline-color has-gray-color\"><br>                               <\/mark>Lektorin Nachbarsprache CZ: Ludmila Rumpfova<\/p>\n\n\n\n<p class=\"has-gray-color has-text-color\"><mark style=\"background-color:rgba(0, 0, 0, 0)\" class=\"has-inline-color has-gray-color\"><strong>Klasse 1B:              16 Sch\u00fclerInnen<\/strong><br>                               <\/mark>VOL Petra Kraus<\/p>\n\n\n\n<p class=\"has-gray-color has-text-color has-link-color wp-elements-e077dc1612b63af0b7e2c4044b822e41\"><mark style=\"background-color:rgba(0, 0, 0, 0)\" class=\"has-inline-color has-gray-color\"><strong>Klasse 1C:              15 Sch\u00fclerInnen<\/strong><br>                               <\/mark>VOL Doris Kirnbauer<\/p>\n\n\n\n<p class=\"has-gray-color has-text-color has-link-color wp-elements-db1ebe99f0f574b1ac8399b76e5168e1\"><strong>Klasse 2A:             20 Sch\u00fclerInnen<br>                              <\/strong>VOL Judith Zangl<\/p>\n\n\n\n<p><mark style=\"background-color:rgba(0, 0, 0, 0)\" class=\"has-inline-color has-gray-color\"><strong>Klasse 2B:              19 Sch\u00fclerInnen<\/strong><br>                               VOL Eva Kahofer<\/mark><\/p>\n\n\n\n<p class=\"has-gray-color has-text-color has-link-color wp-elements-daaaed8ce81612860e4039dba67764f2\"><mark style=\"background-color:rgba(0, 0, 0, 0)\" class=\"has-inline-color has-gray-color\"><strong>Klasse 2C:              19 Sch\u00fclerInnen<\/strong><br>                               Prof. Jessica Niederl<\/mark>, BEd.<\/p>\n\n\n\n<p><mark style=\"background-color:rgba(0, 0, 0, 0)\" class=\"has-inline-color has-gray-color\"><strong>Klasse 3A:             23 Sch\u00fclerInnen<\/strong><br>                              VOL Alexandra Strobl<\/mark><\/p>\n\n\n\n<p><mark style=\"background-color:rgba(0, 0, 0, 0)\" class=\"has-inline-color has-gray-color\"><strong>Klasse 3B:             22 Sch\u00fclerInnen<\/strong><br>                              VOL Carmen Leitner<\/mark><\/p>\n\n\n\n<p class=\"has-gray-color has-text-color\"><mark style=\"background-color:rgba(0, 0, 0, 0)\" class=\"has-inline-color has-gray-color\"><strong>Klasse 3C: 22 Sch\u00fclerInnen<\/strong><br> <\/mark>VOL Daniela Schleining<\/p>\n\n\n\n<p class=\"has-gray-color has-text-color\"><mark style=\"background-color:rgba(0, 0, 0, 0)\" class=\"has-inline-color has-gray-color\"><strong>Klasse 4A:             23 Sch\u00fclerInnen<\/strong><br>                              VOL Maria Ilk<\/mark> <\/p>\n\n\n\n<p><mark style=\"background-color:rgba(0, 0, 0, 0)\" class=\"has-inline-color has-gray-color\"><strong>Klasse 4B:              23 Sch\u00fclerInnen<\/strong><br>                               VOL Sonja Graf<\/mark><\/p>\n\n\n\n<p class=\"has-gray-color has-text-color\"><mark style=\"background-color:rgba(0, 0, 0, 0)\" class=\"has-inline-color has-gray-color\"><\/mark><\/p>\n\n\n\n<p class=\"has-gray-color has-text-color has-link-color wp-elements-6209b81190c17c41907b2e6804360838\"><strong><mark style=\"background-color:rgba(0, 0, 0, 0)\" class=\"has-inline-color has-gray-color\">Deutschf\u00f6rderklasse: <\/mark><\/strong>Kateryna Meljnyk<\/p>\n\n\n\n<p class=\"has-gray-color has-text-color\"><strong>Deutschf\u00f6rderkurs:<\/strong> vVL&nbsp;Mariella Esberger, BEd.<\/p>\n\n\n\n<p class=\"has-gray-color has-text-color\"><strong>Religionslehrerin f\u00fcr r\u00f6m.-kath. Religion:<\/strong> RL Eva Schodl<\/p>\n\n\n\n<p class=\"has-gray-color has-text-color\"><strong>Religionslehrer f\u00fcr islamische Religion:<\/strong> Yusuf Onmaz<\/p>\n\n\n\n<p class=\"has-gray-color has-text-color\"><strong>Beratungslehrerin:<\/strong>  Mag. Karin Bleyer<br><br><strong>Lerntrainerin f\u00fcr LRS-Schw\u00e4che:<\/strong> Martina Lehner<\/p>\n\n\n\n<p class=\"has-gray-color has-text-color\"><strong>Lernberaterin f\u00fcr Rechenschw\u00e4che:<\/strong> Margot F\u00fcrst<\/p>\n\n\n\n<p class=\"has-gray-color has-text-color\"><strong>Sprachheilp\u00e4dagogoische Betreuung:<\/strong> Cornelia Gemeinb\u00f6ck<\/p>\n\n\n\n<p><\/p>\n\n\n\n<p><\/p>\n\n\n\n<p class=\"has-gray-color has-text-color\"><strong>Reinigungspersonal<\/strong>:<br>Frau Penka Elizabeta<br>Frau Messinger Andrea<br>Herr Pfalz Florian<br>                               <\/p>\n","protected":false},"excerpt":{"rendered":"<p>VD Maria Aicher-Kandler Schulleiterin02552\/2580 vs.poysdorf@noeschule.at Tanja Olf Assistentin der Schulleitung02552\/2580 vs.poysdorf@noeschule.at Klasse 1A: 26 Sch\u00fclerInnen vVL Renate Huber-Hienert Lektorin Nachbarsprache CZ: Ludmila Rumpfova Klasse 1B: 16 Sch\u00fclerInnen VOL Petra Kraus Klasse 1C: 15 Sch\u00fclerInnen VOL Doris Kirnbauer Klasse 2A: 20 Sch\u00fclerInnen VOL Judith Zangl Klasse 2B: 19 Sch\u00fclerInnen VOL Eva Kahofer Klasse 2C: 19 Sch\u00fclerInnen&hellip; <a class=\"more-link\" href=\"https:\/\/vspoysdorf.ac.at\/?page_id=6\"><span class=\"screen-reader-text\">Unser Team<\/span> weiterlesen<\/a><\/p>\n","protected":false},"author":1,"featured_media":0,"parent":0,"menu_order":0,"comment_status":"closed","ping_status":"closed","template":"","meta":{"footnotes":""},"class_list":["post-6","page","type-page","status-publish","hentry","entry"],"_links":{"self":[{"href":"https:\/\/vspoysdorf.ac.at\/index.php?rest_route=\/wp\/v2\/pages\/6","targetHints":{"allow":["GET"]}}],"collection":[{"href":"https:\/\/vspoysdorf.ac.at\/index.php?rest_route=\/wp\/v2\/pages"}],"about":[{"href":"https:\/\/vspoysdorf.ac.at\/index.php?rest_route=\/wp\/v2\/types\/page"}],"author":[{"embeddable":true,"href":"https:\/\/vspoysdorf.ac.at\/index.php?rest_route=\/wp\/v2\/users\/1"}],"replies":[{"embeddable":true,"href":"https:\/\/vspoysdorf.ac.at\/index.php?rest_route=%2Fwp%2Fv2%2Fcomments&post=6"}],"version-history":[{"count":72,"href":"https:\/\/vspoysdorf.ac.at\/index.php?rest_route=\/wp\/v2\/pages\/6\/revisions"}],"predecessor-version":[{"id":3448,"href":"https:\/\/vspoysdorf.ac.at\/index.php?rest_route=\/wp\/v2\/pages\/6\/revisions\/3448"}],"wp:attachment":[{"href":"https:\/\/vspoysdorf.ac.at\/index.php?rest_route=%2Fwp%2Fv2%2Fmedia&parent=6"}],"curies":[{"name":"wp","href":"https:\/\/api.w.org\/{rel}","templated":true}]}}