{"id":91,"date":"2022-09-27T09:32:51","date_gmt":"2022-09-27T07:32:51","guid":{"rendered":"https:\/\/vspoysdorf.ac.at\/wp\/?page_id=91"},"modified":"2025-11-04T09:07:39","modified_gmt":"2025-11-04T08:07:39","slug":"elternverein","status":"publish","type":"page","link":"https:\/\/vspoysdorf.ac.at\/?page_id=91","title":{"rendered":"Elternverein"},"content":{"rendered":"\n<p><\/p>\n\n\n\n<p class=\"has-gray-color has-text-color has-link-color wp-elements-613a854418d66dc3e6f6cf742877fc1d\"><strong>Bei der Jahreshauptversammlung des Elternvereins am 03.11.2025 wurden folgende Vorstandsmitglieder gew\u00e4hlt:<\/strong><\/p>\n\n\n\n<p class=\"has-gray-color has-text-color has-link-color wp-elements-cc0f20276b559d081db82daff7e66cdd\">Elternvereinsobfrau:  Frau Christa Stur<br>Stellvertreterin:          Frau Carmen H\u00f6rwein<\/p>\n\n\n\n<p class=\"has-gray-color has-text-color has-link-color wp-elements-435b4fc071011aeca2080ff65f6f3f49\">Schriftf\u00fchrerin:           Frau Martin Astrid<br>Stellvertreterin:          Frau Monika Walek<\/p>\n\n\n\n<p class=\"has-gray-color has-text-color has-link-color wp-elements-26aa31b6096203fe8d031f43dbf8a496\">Kassierin:                    Frau Isabel Woditschka<br>Stellvertreterin:          Frau Anna Schimpf<\/p>\n\n\n\n<p class=\"has-gray-color has-text-color has-link-color wp-elements-19e62512e5e721bfb49de06420d9a700\">Kassapr\u00fcferin:            Frau Birgit Br\u00fcger<\/p>\n\n\n\n<p class=\"has-gray-color has-text-color has-link-color wp-elements-c9b9713d5d364673f49b497999113ff8\"><strong>Was macht der Elternverein?<\/strong><\/p>\n\n\n\n<p class=\"has-gray-color has-text-color has-link-color wp-elements-9e3028017cd48273bdd6c79ae1ddcf18\">Der Elternverein unterst\u00fctzt <strong>zum Wohle Ihrer Kinder<\/strong> verschiedene Aktivit\u00e4ten. So haben wir entschieden,  folgende Projekte zu unterst\u00fctzen:<\/p>\n\n\n\n<ul class=\"wp-block-list\">\n<li class=\"has-gray-color has-text-color has-link-color wp-elements-55b0c2576a7baedfd7eb36c631f6cf44\">Skitag\/Eislauftag: \u00a0\u20ac 9,- pro teilnehmendem Kind<\/li>\n\n\n\n<li class=\"has-gray-color has-text-color has-link-color wp-elements-30f98d883136f90957d48c11515c6836\">Ausflug der Bl\u00e4serklassenkinder (Buskosten + Eintritt)<\/li>\n\n\n\n<li class=\"has-gray-color has-text-color has-link-color wp-elements-225b0f30d41a0f42e34df6b4bb2014a1\">Zahlung des Trommelworkshops f\u00fcr diejenigen Kinder die den rhytmisch \u2013 musikalischen Schwerpunkt gew\u00e4hlt haben<\/li>\n\n\n\n<li class=\"has-gray-color has-text-color has-link-color wp-elements-238064b40559b2bd10d6b40bb4b68793\">Musikschulgeb\u00fchr der Bl\u00e4serklassenkinder (f\u00fcr diejenigen Kinder die bis jetzt noch keine Musikschulgeb\u00fchr zahlen)<\/li>\n\n\n\n<li class=\"has-gray-color has-text-color has-link-color wp-elements-bbd97cbaa9421a720f9b396dffe5c2a9\">EUR 10,&#8211; pro Sch\u00fcler f\u00fcr die Projekttage<\/li>\n\n\n\n<li class=\"has-gray-color has-text-color has-link-color wp-elements-7845d08a303f5341d1df7b2fce834653\">Das Lesef\u00f6rderprogramm Antolin f\u00fcr alle Sch\u00fclerInnen <\/li>\n\n\n\n<li class=\"has-gray-color has-text-color has-link-color wp-elements-eb3ec0e558dbad02a55a09244fb31871\">Anschaffung von Pausenspielen und B\u00fccher<\/li>\n\n\n\n<li class=\"has-gray-color has-text-color has-link-color wp-elements-f164ce88dafe046bc1b1e590cf12b8b0\">Sollten sie Familien kennen oder selbst betroffen sein, der Elternverein bietet auch finanzielle Unterst\u00fctzung (in einem definierten Rahmen) bei Zahlungen f\u00fcr Ausfl\u00fcge\/Projekttage etc.<\/li>\n<\/ul>\n\n\n\n<p class=\"has-gray-color has-text-color has-link-color wp-elements-5f1010bc89e448ffbf0ca70b3816fdb4\"><strong>Solche Zuwendungen sind nur mit Ihrer finanziellen Unterst\u00fctzung\/Ihrer Mithilfe m\u00f6glich.<\/strong><\/p>\n\n\n\n<p class=\"has-gray-color has-text-color has-link-color wp-elements-3b5d9cff4072f37776ceb6ab574285ee\">Wie kommt der Elternverein zu seinen finanziellen Mitteln?<\/p>\n\n\n\n<ul class=\"wp-block-list\">\n<li class=\"has-gray-color has-text-color has-link-color wp-elements-5c4deb23f14a6334811ec1c1c3eef5fe\">Es wird im Januar pro Familie einen Mitgliedsbeitrag von Euro 10,- eingesammelt werden.<\/li>\n\n\n\n<li class=\"has-gray-color has-text-color has-link-color wp-elements-3ace6775cc5549cb9cd7faa7f5bf3133\">Wir machen in diesem Jahr wieder einen Stand beim Poysdorfer&nbsp; Christkindlmarkt, wo wir Weihnachtskekse verkaufe. Der Erl\u00f6s kommt unseren Kindern zugute.<\/li>\n\n\n\n<li class=\"has-gray-color has-text-color has-link-color wp-elements-68ada496c600482b108b1a906cce414a\">Manchmal ergeben sich w\u00e4hrend des Schuljahres auch noch andere Aktivit\u00e4ten bei denen wir mitarbeiten, z.Bsp. die Organisation eines Buffets im Rahmen des Weihnachtskonzertes im Reichensteinhof.<\/li>\n<\/ul>\n\n\n\n<p class=\"has-gray-color has-text-color has-link-color wp-elements-cfc7b74320c2f4276343cf3beede174f\"><strong>Wir m\u00f6chten uns schon jetzt f\u00fcr Ihren Beitrag, der auch zum Wohle IHRES Kindes verwendet wird, bedanken! <\/strong><br><strong>Wir sind uns bewusst, dass es in diesem Jahr aufgrund der st\u00e4ndigen Preisanpassungen \u00fcberall besonders schwierig ist etwas zu er\u00fcbrigen. Aber an den Kindern, unserer Zukunft, sollten wir alle nicht sparen.<\/strong><\/p>\n\n\n\n<p class=\"has-gray-color has-text-color has-link-color wp-elements-b6e28af3b41e14e84e2825878c4941b3\">Wenn Sie sich im Vorstand des Elternvereins aktiv einbringen m\u00f6chten, freuen wir uns \u00fcber Ihren Anruf unter 02552 2580.<\/p>\n\n\n\n<p class=\"has-gray-color has-text-color has-link-color wp-elements-43dc65cb2edd641431560bfef601e784\">Ihnen und Ihren Kindern w\u00fcnschen die Vorstandsmitglieder des Elternvereines ein erfolgreiches und gesundes Schuljahr!<\/p>\n\n\n\n<p class=\"has-gray-color has-text-color has-link-color wp-elements-4b73add76035e1e67ac4f19f6f46483a\">F\u00fcr den Elternverein: Christa Stur, Elternvereinsobfrau<\/p>\n\n\n\n<p><\/p>\n","protected":false},"excerpt":{"rendered":"<p>Bei der Jahreshauptversammlung des Elternvereins am 03.11.2025 wurden folgende Vorstandsmitglieder gew\u00e4hlt: Elternvereinsobfrau: Frau Christa SturStellvertreterin: Frau Carmen H\u00f6rwein Schriftf\u00fchrerin: Frau Martin AstridStellvertreterin: Frau Monika Walek Kassierin: Frau Isabel WoditschkaStellvertreterin: Frau Anna Schimpf Kassapr\u00fcferin: Frau Birgit Br\u00fcger Was macht der Elternverein? Der Elternverein unterst\u00fctzt zum Wohle Ihrer Kinder verschiedene Aktivit\u00e4ten. So haben wir entschieden, folgende Projekte&hellip; <a class=\"more-link\" href=\"https:\/\/vspoysdorf.ac.at\/?page_id=91\"><span class=\"screen-reader-text\">Elternverein<\/span> weiterlesen<\/a><\/p>\n","protected":false},"author":1,"featured_media":0,"parent":0,"menu_order":0,"comment_status":"closed","ping_status":"closed","template":"","meta":{"footnotes":""},"class_list":["post-91","page","type-page","status-publish","hentry","entry"],"_links":{"self":[{"href":"https:\/\/vspoysdorf.ac.at\/index.php?rest_route=\/wp\/v2\/pages\/91","targetHints":{"allow":["GET"]}}],"collection":[{"href":"https:\/\/vspoysdorf.ac.at\/index.php?rest_route=\/wp\/v2\/pages"}],"about":[{"href":"https:\/\/vspoysdorf.ac.at\/index.php?rest_route=\/wp\/v2\/types\/page"}],"author":[{"embeddable":true,"href":"https:\/\/vspoysdorf.ac.at\/index.php?rest_route=\/wp\/v2\/users\/1"}],"replies":[{"embeddable":true,"href":"https:\/\/vspoysdorf.ac.at\/index.php?rest_route=%2Fwp%2Fv2%2Fcomments&post=91"}],"version-history":[{"count":12,"href":"https:\/\/vspoysdorf.ac.at\/index.php?rest_route=\/wp\/v2\/pages\/91\/revisions"}],"predecessor-version":[{"id":3046,"href":"https:\/\/vspoysdorf.ac.at\/index.php?rest_route=\/wp\/v2\/pages\/91\/revisions\/3046"}],"wp:attachment":[{"href":"https:\/\/vspoysdorf.ac.at\/index.php?rest_route=%2Fwp%2Fv2%2Fmedia&parent=91"}],"curies":[{"name":"wp","href":"https:\/\/api.w.org\/{rel}","templated":true}]}}